{"id":2255,"date":"2019-05-13T08:24:32","date_gmt":"2019-05-13T08:24:32","guid":{"rendered":"https:\/\/outdoor-akzent.hr\/careers\/"},"modified":"2023-03-24T12:42:16","modified_gmt":"2023-03-24T12:42:16","slug":"careers","status":"publish","type":"page","link":"https:\/\/outdoor-akzent.hr\/en\/careers\/","title":{"rendered":"Careers"},"content":{"rendered":"\t\t<div data-elementor-type=\"wp-post\" data-elementor-id=\"2255\" class=\"elementor elementor-2255 elementor-43\" data-elementor-post-type=\"page\">\n\t\t\t\t\t\t<section class=\"elementor-section elementor-top-section elementor-element elementor-element-da178fd elementor-section-boxed elementor-section-height-default elementor-section-height-default\" data-id=\"da178fd\" data-element_type=\"section\">\n\t\t\t\t\t\t<div class=\"elementor-container elementor-column-gap-no\">\n\t\t\t\t\t<div class=\"elementor-column elementor-col-33 elementor-top-column elementor-element elementor-element-d1fde53 elementor-hidden-phone\" data-id=\"d1fde53\" data-element_type=\"column\">\n\t\t\t<div class=\"elementor-widget-wrap elementor-element-populated\">\n\t\t\t\t\t\t<div class=\"elementor-element elementor-element-ad80754 jet-nav-align-flex-start elementor-widget elementor-widget-jet-nav-menu\" data-id=\"ad80754\" data-element_type=\"widget\" data-settings=\"{&quot;sticky&quot;:&quot;top&quot;,&quot;sticky_on&quot;:[&quot;desktop&quot;,&quot;tablet&quot;],&quot;sticky_parent&quot;:&quot;yes&quot;,&quot;sticky_offset&quot;:0,&quot;sticky_effects_offset&quot;:0,&quot;sticky_anchor_link_offset&quot;:0}\" data-widget_type=\"jet-nav-menu.default\">\n\t\t\t\t<div class=\"elementor-widget-container\">\n\t\t\t\t\t<nav class=\"jet-nav-wrap m-layout-mobile\"><div class=\"menu-top-menu-engleski-container\"><div class=\"jet-nav m-layout-mobile jet-nav--vertical jet-nav--vertical-sub-right-side\"><div class=\"menu-item menu-item-type-post_type menu-item-object-page jet-nav__item-2266 jet-nav__item\"><a href=\"https:\/\/outdoor-akzent.hr\/en\/company\/\" class=\"menu-item-link menu-item-link-depth-0 menu-item-link-top\"><span class=\"jet-nav-link-text\">Company<\/span><\/a><\/div>\n<div class=\"menu-item menu-item-type-post_type menu-item-object-page jet-nav__item-2267 jet-nav__item\"><a href=\"https:\/\/outdoor-akzent.hr\/en\/careers\/\" class=\"menu-item-link menu-item-link-depth-0 menu-item-link-top\"><span class=\"jet-nav-link-text\">Careers<\/span><\/a><\/div>\n<div class=\"menu-item menu-item-type-post_type menu-item-object-page jet-nav__item-2268 jet-nav__item\"><a href=\"https:\/\/outdoor-akzent.hr\/en\/gdpr\/\" class=\"menu-item-link menu-item-link-depth-0 menu-item-link-top\"><span class=\"jet-nav-link-text\">GDPR<\/span><\/a><\/div>\n<div class=\"menu-item menu-item-type-post_type menu-item-object-page jet-nav__item-2269 jet-nav__item\"><a href=\"https:\/\/outdoor-akzent.hr\/en\/impressum\/\" class=\"menu-item-link menu-item-link-depth-0 menu-item-link-top\"><span class=\"jet-nav-link-text\">Impressum<\/span><\/a><\/div>\n<div class=\"menu-item wpml-ls-slot-3 wpml-ls-item wpml-ls-item-hr wpml-ls-menu-item wpml-ls-first-item menu-item-type-wpml_ls_menu_item menu-item-object-wpml_ls_menu_item jet-nav__item-wpml-ls-3-hr jet-nav__item\"><a title=\"Switch to Croatian\" href=\"https:\/\/outdoor-akzent.hr\/\" class=\"menu-item-link menu-item-link-depth-0 menu-item-link-top\" aria-label=\"Switch to Croatian\" role=\"menuitem\"><span class=\"jet-nav-link-text\"><img decoding=\"async\"\n            class=\"wpml-ls-flag\"\n            src=\"https:\/\/outdoor-akzent.hr\/wp-content\/plugins\/sitepress-multilingual-cms\/res\/flags\/hr.png\"\n            alt=\"Croatian\"\n            \n            \n    \/><\/span><\/a><\/div>\n<div class=\"menu-item wpml-ls-slot-3 wpml-ls-item wpml-ls-item-en wpml-ls-current-language wpml-ls-menu-item wpml-ls-last-item menu-item-type-wpml_ls_menu_item menu-item-object-wpml_ls_menu_item jet-nav__item-wpml-ls-3-en jet-nav__item\"><a href=\"https:\/\/outdoor-akzent.hr\/en\/\" class=\"menu-item-link menu-item-link-depth-0 menu-item-link-top\" role=\"menuitem\"><span class=\"jet-nav-link-text\"><img decoding=\"async\"\n            class=\"wpml-ls-flag\"\n            src=\"https:\/\/outdoor-akzent.hr\/wp-content\/plugins\/sitepress-multilingual-cms\/res\/flags\/en.png\"\n            alt=\"English\"\n            \n            \n    \/><\/span><\/a><\/div>\n<\/div><\/div><\/nav>\t\t\t\t<\/div>\n\t\t\t\t<\/div>\n\t\t\t\t\t<\/div>\n\t\t<\/div>\n\t\t\t\t<div class=\"elementor-column elementor-col-66 elementor-top-column elementor-element elementor-element-df006b4\" data-id=\"df006b4\" data-element_type=\"column\">\n\t\t\t<div class=\"elementor-widget-wrap elementor-element-populated\">\n\t\t\t\t\t\t<section class=\"elementor-section elementor-inner-section elementor-element elementor-element-64c96a2 elementor-section-boxed elementor-section-height-default elementor-section-height-default\" data-id=\"64c96a2\" data-element_type=\"section\">\n\t\t\t\t\t\t<div class=\"elementor-container elementor-column-gap-no\">\n\t\t\t\t\t<div class=\"elementor-column elementor-col-100 elementor-inner-column elementor-element elementor-element-95ef9c5\" data-id=\"95ef9c5\" data-element_type=\"column\">\n\t\t\t<div class=\"elementor-widget-wrap elementor-element-populated\">\n\t\t\t\t\t\t<div class=\"elementor-element elementor-element-468b416 elementor-hidden-desktop elementor-hidden-tablet jet-nav-align-flex-start elementor-widget elementor-widget-jet-nav-menu\" data-id=\"468b416\" data-element_type=\"widget\" data-widget_type=\"jet-nav-menu.default\">\n\t\t\t\t<div class=\"elementor-widget-container\">\n\t\t\t\t\t<nav class=\"jet-nav-wrap m-layout-mobile\"><div class=\"menu-top-menu-engleski-container\"><div class=\"jet-nav m-layout-mobile jet-nav--vertical jet-nav--vertical-sub-right-side\"><div class=\"menu-item menu-item-type-post_type menu-item-object-page jet-nav__item-2266 jet-nav__item\"><a href=\"https:\/\/outdoor-akzent.hr\/en\/company\/\" class=\"menu-item-link menu-item-link-depth-0 menu-item-link-top\"><span class=\"jet-nav-link-text\">Company<\/span><\/a><\/div>\n<div class=\"menu-item menu-item-type-post_type menu-item-object-page jet-nav__item-2267 jet-nav__item\"><a href=\"https:\/\/outdoor-akzent.hr\/en\/careers\/\" class=\"menu-item-link menu-item-link-depth-0 menu-item-link-top\"><span class=\"jet-nav-link-text\">Careers<\/span><\/a><\/div>\n<div class=\"menu-item menu-item-type-post_type menu-item-object-page jet-nav__item-2268 jet-nav__item\"><a href=\"https:\/\/outdoor-akzent.hr\/en\/gdpr\/\" class=\"menu-item-link menu-item-link-depth-0 menu-item-link-top\"><span class=\"jet-nav-link-text\">GDPR<\/span><\/a><\/div>\n<div class=\"menu-item menu-item-type-post_type menu-item-object-page jet-nav__item-2269 jet-nav__item\"><a href=\"https:\/\/outdoor-akzent.hr\/en\/impressum\/\" class=\"menu-item-link menu-item-link-depth-0 menu-item-link-top\"><span class=\"jet-nav-link-text\">Impressum<\/span><\/a><\/div>\n<div class=\"menu-item wpml-ls-slot-3 wpml-ls-item wpml-ls-item-hr wpml-ls-menu-item wpml-ls-first-item menu-item-type-wpml_ls_menu_item menu-item-object-wpml_ls_menu_item jet-nav__item-wpml-ls-3-hr jet-nav__item\"><a title=\"Switch to Croatian\" href=\"https:\/\/outdoor-akzent.hr\/\" class=\"menu-item-link menu-item-link-depth-0 menu-item-link-top\" aria-label=\"Switch to Croatian\" role=\"menuitem\"><span class=\"jet-nav-link-text\"><img decoding=\"async\"\n            class=\"wpml-ls-flag\"\n            src=\"https:\/\/outdoor-akzent.hr\/wp-content\/plugins\/sitepress-multilingual-cms\/res\/flags\/hr.png\"\n            alt=\"Croatian\"\n            \n            \n    \/><\/span><\/a><\/div>\n<div class=\"menu-item wpml-ls-slot-3 wpml-ls-item wpml-ls-item-en wpml-ls-current-language wpml-ls-menu-item wpml-ls-last-item menu-item-type-wpml_ls_menu_item menu-item-object-wpml_ls_menu_item jet-nav__item-wpml-ls-3-en jet-nav__item\"><a href=\"https:\/\/outdoor-akzent.hr\/en\/\" class=\"menu-item-link menu-item-link-depth-0 menu-item-link-top\" role=\"menuitem\"><span class=\"jet-nav-link-text\"><img decoding=\"async\"\n            class=\"wpml-ls-flag\"\n            src=\"https:\/\/outdoor-akzent.hr\/wp-content\/plugins\/sitepress-multilingual-cms\/res\/flags\/en.png\"\n            alt=\"English\"\n            \n            \n    \/><\/span><\/a><\/div>\n<\/div><\/div><\/nav>\t\t\t\t<\/div>\n\t\t\t\t<\/div>\n\t\t\t\t<div class=\"elementor-element elementor-element-3f5b0a8 elementor-widget elementor-widget-image\" data-id=\"3f5b0a8\" data-element_type=\"widget\" data-widget_type=\"image.default\">\n\t\t\t\t\t\t\t\t\t\t\t\t\t\t\t<img fetchpriority=\"high\" decoding=\"async\" width=\"1536\" height=\"785\" src=\"https:\/\/outdoor-akzent.hr\/wp-content\/uploads\/2022\/07\/Oglas-za-posao_002-1536x785.jpg\" class=\"attachment-1536x1536 size-1536x1536 wp-image-3100\" alt=\"\" srcset=\"https:\/\/outdoor-akzent.hr\/wp-content\/uploads\/2022\/07\/Oglas-za-posao_002-1536x785.jpg 1536w, https:\/\/outdoor-akzent.hr\/wp-content\/uploads\/2022\/07\/Oglas-za-posao_002-300x153.jpg 300w, https:\/\/outdoor-akzent.hr\/wp-content\/uploads\/2022\/07\/Oglas-za-posao_002-1024x523.jpg 1024w, https:\/\/outdoor-akzent.hr\/wp-content\/uploads\/2022\/07\/Oglas-za-posao_002-768x393.jpg 768w, https:\/\/outdoor-akzent.hr\/wp-content\/uploads\/2022\/07\/Oglas-za-posao_002-2048x1047.jpg 2048w, https:\/\/outdoor-akzent.hr\/wp-content\/uploads\/2022\/07\/Oglas-za-posao_002-600x307.jpg 600w\" sizes=\"(max-width: 1536px) 100vw, 1536px\" \/>\t\t\t\t\t\t\t\t\t\t\t\t\t\t\t<\/div>\n\t\t\t\t<div class=\"elementor-element elementor-element-8c586b7 elementor-widget elementor-widget-image\" data-id=\"8c586b7\" data-element_type=\"widget\" data-widget_type=\"image.default\">\n\t\t\t\t\t\t\t\t\t\t\t\t\t\t\t<img decoding=\"async\" width=\"1190\" height=\"1683\" src=\"https:\/\/outdoor-akzent.hr\/wp-content\/uploads\/2023\/03\/Outdoor-Akzent-oglas-Senior-account-u-prodaji.jpg\" class=\"attachment-full size-full wp-image-3831\" alt=\"\" srcset=\"https:\/\/outdoor-akzent.hr\/wp-content\/uploads\/2023\/03\/Outdoor-Akzent-oglas-Senior-account-u-prodaji.jpg 1190w, https:\/\/outdoor-akzent.hr\/wp-content\/uploads\/2023\/03\/Outdoor-Akzent-oglas-Senior-account-u-prodaji-212x300.jpg 212w, https:\/\/outdoor-akzent.hr\/wp-content\/uploads\/2023\/03\/Outdoor-Akzent-oglas-Senior-account-u-prodaji-724x1024.jpg 724w, https:\/\/outdoor-akzent.hr\/wp-content\/uploads\/2023\/03\/Outdoor-Akzent-oglas-Senior-account-u-prodaji-768x1086.jpg 768w, https:\/\/outdoor-akzent.hr\/wp-content\/uploads\/2023\/03\/Outdoor-Akzent-oglas-Senior-account-u-prodaji-1086x1536.jpg 1086w, https:\/\/outdoor-akzent.hr\/wp-content\/uploads\/2023\/03\/Outdoor-Akzent-oglas-Senior-account-u-prodaji-600x849.jpg 600w\" sizes=\"(max-width: 1190px) 100vw, 1190px\" \/>\t\t\t\t\t\t\t\t\t\t\t\t\t\t\t<\/div>\n\t\t\t\t<div class=\"elementor-element elementor-element-2136f7e elementor-hidden-desktop elementor-hidden-tablet elementor-hidden-mobile elementor-widget elementor-widget-heading\" data-id=\"2136f7e\" data-element_type=\"widget\" data-widget_type=\"heading.default\">\n\t\t\t\t\t<h1 class=\"elementor-heading-title elementor-size-default\">SENIOR ACCOUNT U PRODAJI<\/h1>\t\t\t\t<\/div>\n\t\t\t\t<div class=\"elementor-element elementor-element-76458ad elementor-hidden-desktop elementor-hidden-tablet elementor-hidden-mobile elementor-widget elementor-widget-text-editor\" data-id=\"76458ad\" data-element_type=\"widget\" data-widget_type=\"text-editor.default\">\n\t\t\t\t\t\t\t\t\t<div>\n<h3><span lang=\"HR\">Opis posla<\/span><\/h3>\n<\/div>\n<div>\n<p><span lang=\"HR\">outdoor akzent tra\u017ei djelatnika za poslove prodaje vanjskoogla\u0161iva\u010dkih kampanja.<\/span><\/p>\n<p>Prodaja i strate\u0161ko planiranje OOH kampanja. Marketin\u0161ke aktivnosti, istra\u017eivanje tr\u017ei\u0161ta, prezentacije medija billboard, city light, megaboard.<\/p>\n<\/div>\n<div>\n<h3><span lang=\"HR\">Uvjeti<\/span><\/h3>\n<\/div>\n<div>\n<p><span lang=\"HR\">&#8211; iskustvo u prodaji (prednost oglasnog prostora\/mediji)<br \/>\n&#8211; V\u0160S, VSS prednost ekonomski smjer<br \/>\n&#8211; poznavanje rada na ra\u010dunalu (MS Office)<br \/>\n&#8211; engleski jezik<br \/>\n&#8211; organizacijske sposobnosti<br \/>\n&#8211; komunikativnost i sklonost timskom radu<br \/>\n&#8211; razvijene pregovara\u010dke vje\u0161tine<\/span><\/p>\n<\/div>\n<div>\n<h3 class=\"property-title\"><span lang=\"HR\">Stru\u010dna sprema:<\/span><\/h3>\n<\/div>\n<div>\n<p class=\"property-value\"><span lang=\"HR\">Vi\u0161a stru\u010dna sprema, Sveu\u010dili\u0161ni prvostupnik, Stru\u010dni prvostupnik, Visoka stru\u010dna sprema, Magistar struke<\/span><\/p>\n<\/div>\n<div>\n<h3 class=\"property-title\"><span lang=\"HR\">Potrebne godine iskustva:<\/span><\/h3>\n<\/div>\n<div>\n<p class=\"property-value\"><b><span lang=\"HR\">5<\/span><\/b><\/p>\n<\/div>\n<div>\n<h3 class=\"property-title\"><span lang=\"HR\">Jezici:<\/span><\/h3>\n<\/div>\n<div>\n<p class=\"property-value\"><span lang=\"HR\">Engleski (razina govora &#8211; napredno, razina pisma &#8211; napredno)<\/span><\/p>\n<\/div>\n<div>\n<h3 class=\"property-title\"><span lang=\"HR\">Voza\u010dka dozvola:<\/span><\/h3>\n<\/div>\n<div>\n<p class=\"property-value\"><span lang=\"HR\">B<\/span><\/p>\n<\/div>\n<div>\n<h3 class=\"property-title\"><span lang=\"HR\">Vje\u0161tine:<\/span><\/h3>\n<\/div>\n<div>\n<p class=\"property-value\"><span lang=\"HR\">Word, Excel, Power Point, Outlook, Internet<\/span><\/p>\n<\/div>\n<div>\n<h3><span lang=\"HR\">\u0160to nudimo<\/span><\/h3>\n<\/div>\n<div>\n<p><span lang=\"HR\">&#8211; rad na odre\u0111eno s tendencijom zapo\u0161ljavanja na neodre\u0111eno\/stalni radni odnos<br \/>\n&#8211; rad vrednovan na temelju u\u010dinkovitosti, stimulacija i bonusi za postignute rezultate<br \/>\n&#8211; razne edukacije, radionice, seminari i konferencije vezane za marketing i medije<br \/>\n&#8211; rad u stabilnoj multinacionalnoj sredini<\/span><\/p>\n<\/div>\n<div>\n<h3 class=\"property-title\"><span lang=\"HR\">Vrsta zaposlenja:<\/span><\/h3>\n<\/div>\n<div>\n<p class=\"property-value\"><span lang=\"HR\">Stalni radni odnos<\/span><\/p>\n<\/div>\n\t\t\t\t\t\t\t\t<\/div>\n\t\t\t\t<div class=\"elementor-element elementor-element-e777f0d elementor-widget elementor-widget-text-editor\" data-id=\"e777f0d\" data-element_type=\"widget\" data-widget_type=\"text-editor.default\">\n\t\t\t\t\t\t\t\t\t<p>Want to be a part of the exciting world of outdoor advertising?<\/p>\n<p>Join us&#8230;<\/p>\n<p>Send your CV to\u00a0<a href=\"mailto:office@outdoor-akzent.hr\">office@outdoor-akzent.hr<\/a><\/p>\n\t\t\t\t\t\t\t\t<\/div>\n\t\t\t\t\t<\/div>\n\t\t<\/div>\n\t\t\t\t\t<\/div>\n\t\t<\/section>\n\t\t\t\t\t<\/div>\n\t\t<\/div>\n\t\t\t\t\t<\/div>\n\t\t<\/section>\n\t\t\t\t<\/div>\n\t\t","protected":false},"excerpt":{"rendered":"<p>Tvrtka Posao GDPR Impressum Tvrtka Posao GDPR Impressum SENIOR ACCOUNT U PRODAJI Opis posla outdoor akzent tra\u017ei djelatnika za poslove prodaje vanjskoogla\u0161iva\u010dkih kampanja. Prodaja i strate\u0161ko planiranje OOH kampanja. Marketin\u0161ke aktivnosti, istra\u017eivanje tr\u017ei\u0161ta, prezentacije medija billboard, city light, megaboard. Uvjeti &#8211; iskustvo u prodaji (prednost oglasnog prostora\/mediji) &#8211; V\u0160S, VSS prednost ekonomski smjer &#8211; poznavanje [&hellip;]<\/p>\n","protected":false},"author":1,"featured_media":0,"parent":0,"menu_order":12,"comment_status":"closed","ping_status":"closed","template":"elementor_header_footer","meta":{"footnotes":""},"class_list":["post-2255","page","type-page","status-publish","hentry"],"_links":{"self":[{"href":"https:\/\/outdoor-akzent.hr\/en\/wp-json\/wp\/v2\/pages\/2255","targetHints":{"allow":["GET"]}}],"collection":[{"href":"https:\/\/outdoor-akzent.hr\/en\/wp-json\/wp\/v2\/pages"}],"about":[{"href":"https:\/\/outdoor-akzent.hr\/en\/wp-json\/wp\/v2\/types\/page"}],"author":[{"embeddable":true,"href":"https:\/\/outdoor-akzent.hr\/en\/wp-json\/wp\/v2\/users\/1"}],"replies":[{"embeddable":true,"href":"https:\/\/outdoor-akzent.hr\/en\/wp-json\/wp\/v2\/comments?post=2255"}],"version-history":[{"count":6,"href":"https:\/\/outdoor-akzent.hr\/en\/wp-json\/wp\/v2\/pages\/2255\/revisions"}],"predecessor-version":[{"id":3839,"href":"https:\/\/outdoor-akzent.hr\/en\/wp-json\/wp\/v2\/pages\/2255\/revisions\/3839"}],"wp:attachment":[{"href":"https:\/\/outdoor-akzent.hr\/en\/wp-json\/wp\/v2\/media?parent=2255"}],"curies":[{"name":"wp","href":"https:\/\/api.w.org\/{rel}","templated":true}]}}